{"id":64,"date":"2025-12-01T18:54:02","date_gmt":"2025-12-01T18:54:02","guid":{"rendered":"https:\/\/powergestplus.pt\/www\/?page_id=64"},"modified":"2026-01-11T11:05:27","modified_gmt":"2026-01-11T11:05:27","slug":"intermediacao-bancaria","status":"publish","type":"page","link":"https:\/\/powergestplus.pt\/www\/servicos\/intermediacao-bancaria\/","title":{"rendered":"Intermedia\u00e7\u00e3o Banc\u00e1ria"},"content":{"rendered":"\n<p><strong><em><strong>A solu\u00e7\u00e3o financeira certa para o seu neg\u00f3cio<\/strong><\/em><\/strong><\/p>\n\n\n\n<p>Prestamos apoio especializado em <strong>intermedia\u00e7\u00e3o banc\u00e1ria<\/strong>, ajudando empresas e empres\u00e1rios a encontrar as melhores solu\u00e7\u00f5es de financiamento, cr\u00e9dito ou renegocia\u00e7\u00e3o, de forma informada e transparente.<\/p>\n\n\n\n<p>Analisamos a situa\u00e7\u00e3o financeira, necessidades e objetivos da empresa e articulamos com institui\u00e7\u00f5es banc\u00e1rias para identificar propostas adequadas, competitivas e sustent\u00e1veis.<\/p>\n\n\n\n<p>\ud83d\udd39 Apoio na obten\u00e7\u00e3o de cr\u00e9dito<br>\ud83d\udd39 Renegocia\u00e7\u00e3o de financiamentos<br>\ud83d\udd39 An\u00e1lise comparativa de propostas<br>\ud83d\udd39 Acompanhamento em todo o processo<\/p>\n","protected":false},"excerpt":{"rendered":"<p>A solu\u00e7\u00e3o financeira certa para o seu neg\u00f3cio Prestamos apoio especializado em intermedia\u00e7\u00e3o banc\u00e1ria, ajudando empresas e empres\u00e1rios a encontrar as melhores solu\u00e7\u00f5es de financiamento, cr\u00e9dito ou renegocia\u00e7\u00e3o, de forma informada e transparente. Analisamos a situa\u00e7\u00e3o financeira, necessidades e objetivos da empresa e articulamos com institui\u00e7\u00f5es banc\u00e1rias para identificar propostas adequadas, competitivas e sustent\u00e1veis. \ud83d\udd39 [&hellip;]<\/p>\n","protected":false},"author":1,"featured_media":0,"parent":24,"menu_order":0,"comment_status":"closed","ping_status":"closed","template":"","meta":{"footnotes":""},"class_list":["post-64","page","type-page","status-publish","hentry"],"_links":{"self":[{"href":"https:\/\/powergestplus.pt\/www\/wp-json\/wp\/v2\/pages\/64","targetHints":{"allow":["GET"]}}],"collection":[{"href":"https:\/\/powergestplus.pt\/www\/wp-json\/wp\/v2\/pages"}],"about":[{"href":"https:\/\/powergestplus.pt\/www\/wp-json\/wp\/v2\/types\/page"}],"author":[{"embeddable":true,"href":"https:\/\/powergestplus.pt\/www\/wp-json\/wp\/v2\/users\/1"}],"replies":[{"embeddable":true,"href":"https:\/\/powergestplus.pt\/www\/wp-json\/wp\/v2\/comments?post=64"}],"version-history":[{"count":1,"href":"https:\/\/powergestplus.pt\/www\/wp-json\/wp\/v2\/pages\/64\/revisions"}],"predecessor-version":[{"id":65,"href":"https:\/\/powergestplus.pt\/www\/wp-json\/wp\/v2\/pages\/64\/revisions\/65"}],"up":[{"embeddable":true,"href":"https:\/\/powergestplus.pt\/www\/wp-json\/wp\/v2\/pages\/24"}],"wp:attachment":[{"href":"https:\/\/powergestplus.pt\/www\/wp-json\/wp\/v2\/media?parent=64"}],"curies":[{"name":"wp","href":"https:\/\/api.w.org\/{rel}","templated":true}]}}