{"id":68,"date":"2025-12-01T18:54:02","date_gmt":"2025-12-01T18:54:02","guid":{"rendered":"https:\/\/powergestplus.pt\/www\/?page_id=68"},"modified":"2026-01-11T11:06:18","modified_gmt":"2026-01-11T11:06:18","slug":"relatorio-360","status":"publish","type":"page","link":"https:\/\/powergestplus.pt\/www\/servicos\/relatorio-360\/","title":{"rendered":"Relat\u00f3rio 360"},"content":{"rendered":"\n<p><strong><em><strong>Uma vis\u00e3o completa. Um plano claro. Decis\u00f5es mais seguras<\/strong><\/em><\/strong><\/p>\n\n\n\n<p>O <strong>Relat\u00f3rio 360<\/strong> \u00e9 um diagn\u00f3stico profundo e integrado da sua empresa, analisando \u00e1reas-chave como contabilidade, fiscalidade, jur\u00eddico, recursos humanos, marketing, vendas e estrat\u00e9gia.<\/p>\n\n\n\n<p>Mais do que identificar problemas, entregamos um <strong>plano de a\u00e7\u00e3o concreto<\/strong>, com recomenda\u00e7\u00f5es pr\u00e1ticas para melhorar processos, aumentar rentabilidade e preparar a empresa para o futuro.<\/p>\n\n\n\n<p>\ud83d\udd39 Diagn\u00f3stico completo e independente<br>\ud83d\udd39 Identifica\u00e7\u00e3o de riscos e oportunidades<br>\ud83d\udd39 Estrat\u00e9gia personalizada e acion\u00e1vel<br>\ud83d\udd39 Clareza para decidir e crescer<\/p>\n","protected":false},"excerpt":{"rendered":"<p>Uma vis\u00e3o completa. Um plano claro. Decis\u00f5es mais seguras O Relat\u00f3rio 360 \u00e9 um diagn\u00f3stico profundo e integrado da sua empresa, analisando \u00e1reas-chave como contabilidade, fiscalidade, jur\u00eddico, recursos humanos, marketing, vendas e estrat\u00e9gia. Mais do que identificar problemas, entregamos um plano de a\u00e7\u00e3o concreto, com recomenda\u00e7\u00f5es pr\u00e1ticas para melhorar processos, aumentar rentabilidade e preparar a [&hellip;]<\/p>\n","protected":false},"author":1,"featured_media":0,"parent":24,"menu_order":0,"comment_status":"closed","ping_status":"closed","template":"","meta":{"footnotes":""},"class_list":["post-68","page","type-page","status-publish","hentry"],"_links":{"self":[{"href":"https:\/\/powergestplus.pt\/www\/wp-json\/wp\/v2\/pages\/68","targetHints":{"allow":["GET"]}}],"collection":[{"href":"https:\/\/powergestplus.pt\/www\/wp-json\/wp\/v2\/pages"}],"about":[{"href":"https:\/\/powergestplus.pt\/www\/wp-json\/wp\/v2\/types\/page"}],"author":[{"embeddable":true,"href":"https:\/\/powergestplus.pt\/www\/wp-json\/wp\/v2\/users\/1"}],"replies":[{"embeddable":true,"href":"https:\/\/powergestplus.pt\/www\/wp-json\/wp\/v2\/comments?post=68"}],"version-history":[{"count":1,"href":"https:\/\/powergestplus.pt\/www\/wp-json\/wp\/v2\/pages\/68\/revisions"}],"predecessor-version":[{"id":69,"href":"https:\/\/powergestplus.pt\/www\/wp-json\/wp\/v2\/pages\/68\/revisions\/69"}],"up":[{"embeddable":true,"href":"https:\/\/powergestplus.pt\/www\/wp-json\/wp\/v2\/pages\/24"}],"wp:attachment":[{"href":"https:\/\/powergestplus.pt\/www\/wp-json\/wp\/v2\/media?parent=68"}],"curies":[{"name":"wp","href":"https:\/\/api.w.org\/{rel}","templated":true}]}}